{"id":6,"date":"2017-03-28T17:01:40","date_gmt":"2017-03-28T17:01:40","guid":{"rendered":"https:\/\/swimcoach.se\/?page_id=6"},"modified":"2017-03-29T09:00:53","modified_gmt":"2017-03-29T09:00:53","slug":"start","status":"publish","type":"page","link":"https:\/\/swimcoach.se\/","title":{"rendered":"Start"},"content":{"rendered":"<p><strong>SWIMCOACH INTERNATIONAL AB<\/strong><\/p>\n<p>Swimcoach International AB \u00e4r f\u00f6retaget som tillverkar vattensport relaterade produkter till marknadens l\u00e4gsta priser.\u00a0V\u00e5ra\u00a0tillverkare i Kina \u00e4r inte bara billiga utan \u00e4ven kvalitetsm\u00e4ssigt i toppklass. Detta g\u00f6r att vi sedan m\u00e5nga \u00e5r \u00e4ven tillverkar produkter \u00e5t stora kedjekunder i\u00a0Sverige och utomlands. V\u00e5ra produkter s\u00e4ljs idag inom b\u00e5de fackhandel, stormarknader och simhallar. F\u00f6r att finna er n\u00e4rmaste \u00e5terf\u00f6rs\u00e4ljare ber vi att ni skickar ett mail s\u00e5 ska vi h\u00e4nvisa er vidare.<\/p>\n<p>Swimcoach International AB is the company that produces watersport related articles to the best prices in the market. Our manufacturers in China isn\u2019t only cheap in production but also\u00a0high-end in quality.\u00a0This has\u00a0given us the opportunity to\u00a0supply\u00a0many chain-stores in Sweden and abroad with their own branded products. You find Swimcoach products in retail, hypermarkets and in swimminghalls and in order to serve you with your nearest dealer we ask you to send an E-mail.<\/p>\n<p>Management<br \/>\nSwimcoach International<\/p>\n","protected":false},"excerpt":{"rendered":"<p>SWIMCOACH INTERNATIONAL AB Swimcoach International AB \u00e4r f\u00f6retaget som tillverkar vattensport relaterade produkter till marknadens l\u00e4gsta priser.\u00a0V\u00e5ra\u00a0tillverkare i Kina \u00e4r inte bara billiga utan \u00e4ven kvalitetsm\u00e4ssigt i toppklass. Detta g\u00f6r att vi sedan m\u00e5nga \u00e5r \u00e4ven tillverkar produkter \u00e5t stora kedjekunder i\u00a0Sverige och utomlands. V\u00e5ra produkter s\u00e4ljs idag inom b\u00e5de fackhandel, stormarknader och simhallar. F\u00f6r &hellip; <a href=\"https:\/\/swimcoach.se\/\" class=\"more-link\">Forts\u00e4tt l\u00e4sa<span class=\"screen-reader-text\"> \u201dStart\u201d<\/span><\/a><\/p>\n","protected":false},"author":1,"featured_media":28,"parent":0,"menu_order":0,"comment_status":"closed","ping_status":"closed","template":"","meta":{"footnotes":""},"class_list":["post-6","page","type-page","status-publish","has-post-thumbnail","hentry"],"_links":{"self":[{"href":"https:\/\/swimcoach.se\/index.php?rest_route=\/wp\/v2\/pages\/6","targetHints":{"allow":["GET"]}}],"collection":[{"href":"https:\/\/swimcoach.se\/index.php?rest_route=\/wp\/v2\/pages"}],"about":[{"href":"https:\/\/swimcoach.se\/index.php?rest_route=\/wp\/v2\/types\/page"}],"author":[{"embeddable":true,"href":"https:\/\/swimcoach.se\/index.php?rest_route=\/wp\/v2\/users\/1"}],"replies":[{"embeddable":true,"href":"https:\/\/swimcoach.se\/index.php?rest_route=%2Fwp%2Fv2%2Fcomments&post=6"}],"version-history":[{"count":2,"href":"https:\/\/swimcoach.se\/index.php?rest_route=\/wp\/v2\/pages\/6\/revisions"}],"predecessor-version":[{"id":29,"href":"https:\/\/swimcoach.se\/index.php?rest_route=\/wp\/v2\/pages\/6\/revisions\/29"}],"wp:featuredmedia":[{"embeddable":true,"href":"https:\/\/swimcoach.se\/index.php?rest_route=\/wp\/v2\/media\/28"}],"wp:attachment":[{"href":"https:\/\/swimcoach.se\/index.php?rest_route=%2Fwp%2Fv2%2Fmedia&parent=6"}],"curies":[{"name":"wp","href":"https:\/\/api.w.org\/{rel}","templated":true}]}}